{"id":225335,"date":"2024-08-12T13:40:19","date_gmt":"2024-08-12T12:40:19","guid":{"rendered":"https:\/\/tistrup-mediehus.dk\/2021\/?page_id=225335"},"modified":"2025-11-03T16:01:23","modified_gmt":"2025-11-03T14:01:23","slug":"ny-side","status":"publish","type":"page","link":"https:\/\/tistrup-mediehus.dk\/2021\/","title":{"rendered":"TM 2024"},"content":{"rendered":"<p><div id=\"TM2024\" class=\"et_d4_element et_pb_section et_pb_section_0 et_pb_with_background  et_pb_css_mix_blend_mode et_section_regular et_block_section\" >\n\t\t\t\t\n\t\t\t\t\n\t\t\t\t\n\t\t\t\t\n\t\t\t\t\n\t\t\t\t\n\t\t\t\t<div class=\"et_d4_element et_pb_row et_pb_row_0 et_animated  et_pb_css_mix_blend_mode et_block_row\">\n\t\t\t\t<div class=\"et_d4_element et_pb_column_4_4 et_pb_column et_pb_column_0  et_pb_css_mix_blend_mode et-last-child et_block_column\">\n\t\t\t\t\n\t\t\t\t\n\t\t\t\t\n\t\t\t\t\n\t\t\t\t<div class=\"et_pb_module et_d4_element et_pb_text et_pb_text_0  et_pb_text_align_center et_pb_bg_layout_dark\">\n\t\t\t\t\n\t\t\t\t\n\t\t\t\t\n\t\t\t\t\n\t\t\t\t<div class=\"et_pb_text_inner\"><h1>Velkommen til TM Tistrup Mediehus<\/h1>\n<h2><\/h2><\/div>\n\t\t\t<\/div><div class=\"et_pb_module et_d4_element et_pb_text et_pb_text_1  et_pb_text_align_center et_pb_bg_layout_dark\">\n\t\t\t\t\n\t\t\t\t\n\t\t\t\t\n\t\t\t\t\n\t\t\t\t<div class=\"et_pb_text_inner\"><h2><span style=\"font-family: Montserrat;\">Nyhedsformidler for Tistrup og Hodde<\/span><\/h2>\n<h2><\/h2><\/div>\n\t\t\t<\/div>\n\t\t\t<\/div>\n\t\t\t\t\n\t\t\t\t\n\t\t\t\t\n\t\t\t\t\n\t\t\t<\/div>\n\t\t\t\t\n\t\t\t\t\n\t\t\t<\/div><div id=\"TM muligheder\" class=\"et_d4_element et_pb_section et_pb_section_1  et_pb_css_mix_blend_mode et_section_regular et_block_section\" >\n\t\t\t\t\n\t\t\t\t\n\t\t\t\t\n\t\t\t\t\n\t\t\t\t\n\t\t\t\t\n\t\t\t\t<div class=\"et_d4_element et_pb_row et_pb_row_1  et_pb_css_mix_blend_mode et_block_row\">\n\t\t\t\t<div class=\"et_d4_element et_pb_column_4_4 et_pb_column et_pb_column_1  et_pb_css_mix_blend_mode et-last-child et_block_column\">\n\t\t\t\t\n\t\t\t\t\n\t\t\t\t\n\t\t\t\t\n\t\t\t\t<div class=\"et_pb_module et_d4_element et_pb_text et_pb_text_2  et_pb_text_align_center et_pb_bg_layout_light\">\n\t\t\t\t\n\t\t\t\t\n\t\t\t\t\n\t\t\t\t\n\t\t\t\t<div class=\"et_pb_text_inner\"><h2>Vores service<\/h2>\n<p>Vi tilbyder hurtig support, omfattende vedligeholdelse, personlig r\u00e5dgivning, skr\u00e6ddersyede l\u00f8sninger, teknisk hj\u00e6lp, regelm\u00e6ssig opdatering,<\/p><\/div>\n\t\t\t<\/div>\n\t\t\t<\/div>\n\t\t\t\t\n\t\t\t\t\n\t\t\t\t\n\t\t\t\t\n\t\t\t<\/div><div class=\"et_d4_element et_pb_row et_pb_row_2  et_pb_css_mix_blend_mode et_block_row\">\n\t\t\t\t<div class=\"et_d4_element et_pb_column_4_4 et_pb_column et_pb_column_2  et_pb_css_mix_blend_mode et-last-child et_block_column\">\n\t\t\t\t\n\t\t\t\t\n\t\t\t\t\n\t\t\t\t\n\t\t\t\t<div class=\"et_pb_button_module_wrapper et_pb_button_0_wrapper et_pb_button_alignment_center et_pb_module \">\n\t\t\t\t<a class=\"et_pb_button et_d4_element et_pb_button_0 et_pb_bg_layout_light et_block_module\" href=\"\" data-icon=\"=\">Se mere<\/a>\n\t\t\t<\/div>\n\t\t\t<\/div>\n\t\t\t\t\n\t\t\t\t\n\t\t\t\t\n\t\t\t\t\n\t\t\t<\/div><div class=\"et_d4_element et_pb_row et_pb_row_3  et_pb_css_mix_blend_mode et_block_row\">\n\t\t\t\t<div class=\"et_d4_element et_pb_column_4_4 et_pb_column et_pb_column_3  et_pb_css_mix_blend_mode et-last-child et_block_column\">\n\t\t\t\t\n\t\t\t\t\n\t\t\t\t\n\t\t\t\t\n\t\t\t\t<div class=\"et_pb_module et_d4_element et_pb_text et_pb_text_3  et_pb_text_align_left et_pb_bg_layout_light\">\n\t\t\t\t\n\t\t\t\t\n\t\t\t\t\n\t\t\t\t\n\t\t\t\t<div class=\"et_pb_text_inner\"><blockquote>\n<p>Regelm\u00e6ssig vedligeholdelse og opdatering af hjemmesider og sociale platforme er n\u00f8dvendig for at sikre, at de fungerer korrekt, indeholder relevant information og fastholder brugernes interesse.<\/p>\n<\/blockquote><\/div>\n\t\t\t<\/div><div class=\"et_pb_module et_d4_element et_pb_text et_pb_text_4  et_pb_text_align_left et_pb_bg_layout_light\">\n\t\t\t\t\n\t\t\t\t\n\t\t\t\t\n\t\t\t\t\n\t\t\t\t<div class=\"et_pb_text_inner\"><blockquote>\n<p>N\u00e5r man opdaterer, beskytter man siden mod hackerangreb og andre problemer. Det g\u00f8r ogs\u00e5, at siden bliver lettere at bruge og forbliver interessant for dem, der bes\u00f8ger den. Ved at holde hjemmesiden opdateret, hj\u00e6lper man ogs\u00e5 med at f\u00e5 bedre placeringer p\u00e5 Google, s\u00e5 flere finder den.<\/p>\n<\/blockquote><\/div>\n\t\t\t<\/div>\n\t\t\t<\/div>\n\t\t\t\t\n\t\t\t\t\n\t\t\t\t\n\t\t\t\t\n\t\t\t<\/div><div class=\"et_d4_element et_pb_row et_pb_row_4  et_pb_css_mix_blend_mode et_block_row\">\n\t\t\t\t<div class=\"et_d4_element et_pb_column_4_4 et_pb_column et_pb_column_4  et_pb_css_mix_blend_mode et-last-child et_block_column\">\n\t\t\t\t\n\t\t\t\t\n\t\t\t\t\n\t\t\t\t\n\t\t\t\t<div class=\"et_pb_module et_d4_element et_pb_blog_0  et_pb_css_mix_blend_mode et_pb_posts et_pb_bg_layout_light \">\n\t\t\t\t\n\t\t\t\t\n\t\t\t\t\n\t\t\t\t\n\t\t\t\t<div class=\"et_pb_ajax_pagination_container\">\n\t\t\t\t\t\n\t\t\t<article id=\"post-987498547\" class=\"et_pb_post clearfix et_pb_blog_item_0_0 post-987498547 post type-post status-publish format-standard has-post-thumbnail hentry category-info\">\n\n\t\t\t\t<a href=\"https:\/\/tistrup-mediehus.dk\/2021\/tm-og-ai-produkter\/\" class=\"entry-featured-image-url\"><img decoding=\"async\" data-src=\"https:\/\/tistrup-mediehus.dk\/2021\/wp-content\/uploads\/2025\/04\/channels4_banner-1080x282.jpg\" alt=\"TM og AI produkter\" width=\"1080\" height=\"675\" data-srcset=\"https:\/\/tistrup-mediehus.dk\/2021\/wp-content\/uploads\/2025\/04\/channels4_banner-980x162.jpg 980w, https:\/\/tistrup-mediehus.dk\/2021\/wp-content\/uploads\/2025\/04\/channels4_banner-480x79.jpg 480w\" data-sizes=\"(min-width: 0px) and (max-width: 480px) 480px, (min-width: 481px) and (max-width: 980px) 980px, (min-width: 981px) 1080px, 100vw\" src=\"data:image\/svg+xml;base64,PHN2ZyB3aWR0aD0iMSIgaGVpZ2h0PSIxIiB4bWxucz0iaHR0cDovL3d3dy53My5vcmcvMjAwMC9zdmciPjwvc3ZnPg==\" class=\"lazyload\" style=\"--smush-placeholder-width: 1080px; --smush-placeholder-aspect-ratio: 1080\/675;\" \/><\/a>\n\t\t\t\t\t\t\t\t\t\t\t\t\t\t<h2 class=\"entry-title\">\n\t\t\t\t\t\t\t\t\t\t\t\t\t<a href=\"https:\/\/tistrup-mediehus.dk\/2021\/tm-og-ai-produkter\/\">TM og AI produkter<\/a>\n\t\t\t\t\t\t\t\t\t\t\t<\/h2>\n\t\t\t\t\n\t\t\t\t\t<p class=\"post-meta\">af <span class=\"author vcard\"><a href=\"https:\/\/tistrup-mediehus.dk\/2021\/author\/kochdiget8_b7be144n\/\" title=\"Indl\u00e6g af henry\" rel=\"author\">henry<\/a><\/span> | <span class=\"published\">apr 23, 2025<\/span> | <a href=\"https:\/\/tistrup-mediehus.dk\/2021\/category\/info\/\" rel=\"tag\">TM Info<\/a><\/p><div class=\"post-content\"><div class=\"post-content-inner\"><p>Tistrup Mediehus har nu i l\u00e6ngere arbejdet med at forst\u00e5 dette nye v\u00e6rkt\u00f8j. Og har brugt forholdsvis mange midler til at k\u00f8be diverse produkter til netop dette form\u00e5l. Har m\u00e5ttet sande at mange producenter har brugt Kunstig Intelligens til at frembringe produkter for...<\/p>\n<\/div><\/div>\t\t\t\n\t\t\t<\/article>\n\t\t\t\t\n\t\t\t<article id=\"post-987498463\" class=\"et_pb_post clearfix et_pb_blog_item_0_1 post-987498463 post type-post status-publish format-standard has-post-thumbnail hentry category-chatgpt category-hjemmeside category-info\">\n\n\t\t\t\t<a href=\"https:\/\/tistrup-mediehus.dk\/2021\/tistrup-mediehus-ny-medarbejder\/\" class=\"entry-featured-image-url\"><img decoding=\"async\" data-src=\"https:\/\/tistrup-mediehus.dk\/2021\/wp-content\/uploads\/2020\/05\/Design-uden-navn-1-1080x675.png\" alt=\"Tistrup Mediehus &#8211; Ny medarbejder\" width=\"1080\" height=\"675\" data-srcset=\"https:\/\/tistrup-mediehus.dk\/2021\/wp-content\/uploads\/2020\/05\/Design-uden-navn-1-980x554.png 980w, https:\/\/tistrup-mediehus.dk\/2021\/wp-content\/uploads\/2020\/05\/Design-uden-navn-1-480x271.png 480w\" data-sizes=\"(min-width: 0px) and (max-width: 480px) 480px, (min-width: 481px) and (max-width: 980px) 980px, (min-width: 981px) 1080px, 100vw\" src=\"data:image\/svg+xml;base64,PHN2ZyB3aWR0aD0iMSIgaGVpZ2h0PSIxIiB4bWxucz0iaHR0cDovL3d3dy53My5vcmcvMjAwMC9zdmciPjwvc3ZnPg==\" class=\"lazyload\" style=\"--smush-placeholder-width: 1080px; --smush-placeholder-aspect-ratio: 1080\/675;\" \/><\/a>\n\t\t\t\t\t\t\t\t\t\t\t\t\t\t<h2 class=\"entry-title\">\n\t\t\t\t\t\t\t\t\t\t\t\t\t<a href=\"https:\/\/tistrup-mediehus.dk\/2021\/tistrup-mediehus-ny-medarbejder\/\">Tistrup Mediehus &#8211; Ny medarbejder<\/a>\n\t\t\t\t\t\t\t\t\t\t\t<\/h2>\n\t\t\t\t\n\t\t\t\t\t<p class=\"post-meta\">af <span class=\"author vcard\"><a href=\"https:\/\/tistrup-mediehus.dk\/2021\/author\/kochdiget8_b7be144n\/\" title=\"Indl\u00e6g af henry\" rel=\"author\">henry<\/a><\/span> | <span class=\"published\">jan 8, 2025<\/span> | <a href=\"https:\/\/tistrup-mediehus.dk\/2021\/category\/chatgpt\/\" rel=\"tag\">chatgpt<\/a>, <a href=\"https:\/\/tistrup-mediehus.dk\/2021\/category\/hjemmeside\/\" rel=\"tag\">TM hjemmeside<\/a>, <a href=\"https:\/\/tistrup-mediehus.dk\/2021\/category\/info\/\" rel=\"tag\">TM Info<\/a><\/p><div class=\"post-content\"><div class=\"post-content-inner\"><p>Velkommen til vores nye medarbejder \u2013 ChatGPT! Vi er glade for at pr\u00e6sentere vores nyeste \"medarbejder\", ChatGPT! ChatGPT er en intelligent assistent, der kan hj\u00e6lpe os med mange opgaver \u2013 lige fra at besvare sp\u00f8rgsm\u00e5l og skrive tekster til at komme med id\u00e9er og finde...<\/p>\n<\/div><\/div>\t\t\t\n\t\t\t<\/article>\n\t\t\t\t<div><div class=\"pagination clearfix\">\n\t<div class=\"alignleft\"><\/div>\n\t<div class=\"alignright\"><\/div>\n<\/div><\/div><\/div>\n\t\t\t\t<\/div>\n\t\t\t\t \n\t\t\t<\/div>\n\t\t\t\t\n\t\t\t\t\n\t\t\t\t\n\t\t\t\t\n\t\t\t<\/div>\n\t\t\t\t\n\t\t\t\t\n\t\t\t<\/div><div id=\"Vores team\" class=\"et_d4_element et_pb_section et_pb_section_2  et_pb_css_mix_blend_mode et_section_regular et_block_section\" >\n\t\t\t\t\n\t\t\t\t\n\t\t\t\t\n\t\t\t\t\n\t\t\t\t\n\t\t\t\t\n\t\t\t\t<div class=\"et_d4_element et_pb_row et_pb_row_5  et_pb_css_mix_blend_mode et_block_row\">\n\t\t\t\t<div class=\"et_d4_element et_pb_column_4_4 et_pb_column et_pb_column_5  et_pb_css_mix_blend_mode et-last-child et_block_column\">\n\t\t\t\t\n\t\t\t\t\n\t\t\t\t\n\t\t\t\t\n\t\t\t\t<div class=\"et_pb_module et_d4_element et_pb_text et_pb_text_5  et_pb_text_align_left et_pb_bg_layout_light\">\n\t\t\t\t\n\t\t\t\t\n\t\t\t\t\n\t\t\t\t\n\t\t\t\t<div class=\"et_pb_text_inner\"><h1 style=\"text-align: center;\">Vores team hos Tistrup Mediehus<\/h1><\/div>\n\t\t\t<\/div>\n\t\t\t<\/div>\n\t\t\t\t\n\t\t\t\t\n\t\t\t\t\n\t\t\t\t\n\t\t\t<\/div><div class=\"et_d4_element et_pb_row et_pb_row_6  et_pb_css_mix_blend_mode et_block_row\">\n\t\t\t\t<div class=\"et_d4_element et_pb_column_1_3 et_pb_column et_pb_column_6  et_pb_css_mix_blend_mode et_block_column\">\n\t\t\t\t\n\t\t\t\t\n\t\t\t\t\n\t\t\t\t\n\t\t\t\t<div class=\"et_pb_module et_d4_element et_pb_text et_pb_text_6  et_pb_text_align_left et_pb_bg_layout_light\">\n\t\t\t\t\n\t\t\t\t\n\t\t\t\t\n\t\t\t\t\n\t\t\t\t<div class=\"et_pb_text_inner\"><p>Vi er 2 personer fra bestyrelsen som er de daglige ansvarlige for driften af Tistrup Mediehus (TM).<\/p>\n<p>TM har en r\u00e6kke platforme for at synligg\u00f8re informationer og nyheder fra vores lokalomr\u00e5de. Tistrupnews.dk er vores hovedside og Facebook siden \"TistrupHodde\u201d \u2013 er stedet hvor alle delinger til Facebook grupper sker,<\/p>\n<p>Vi kan ogs\u00e5\u00a0 tilbyde hj\u00e6lp til foto\/droneflyvning og grafiske opgaver ved <a href=\"https:\/\/tistrup-mediehus.dk\/2021\/local-grafisk-2\/\">localgrafisk<\/a><\/p><\/div>\n\t\t\t<\/div>\n\t\t\t<\/div><div class=\"et_d4_element et_pb_column_1_3 et_pb_column et_pb_column_7  et_pb_css_mix_blend_mode et_block_column\">\n\t\t\t\t\n\t\t\t\t\n\t\t\t\t\n\t\t\t\t\n\t\t\t\t<div class=\"et_pb_module et_d4_element et_pb_testimonial et_pb_testimonial_0  et_pb_css_mix_blend_mode clearfix  et_pb_text_align_left et_pb_bg_layout_light et_block_module et_pb_testimonial_no_image\">\n\t\t\t\t\n\t\t\t\t\n\t\t\t\t\n\t\t\t\t\n\t\t\t\t<div style=\"background-image:inherit\" class=\"et_pb_testimonial_portrait lazyload\" data-bg-image=\"url(https:\/\/tistrup-mediehus.dk\/2021\/wp-content\/uploads\/2021\/02\/pia-ny1.jpg)\"><\/div>\n\t\t\t\t<div class=\"et_pb_testimonial_description\">\n\t\t\t\t\t<div class=\"et_pb_testimonial_description_inner\"><div class=\"et_pb_testimonial_content\"><p>Pia er kasserer i bestyrelsen og ansvarlig for vedligeholdelse af portalen med hensyn til hjemmesider og Facebook mv.<\/p><\/div><\/div>\n\t\t\t\t\t<span class=\"et_pb_testimonial_author\">Pia Secher<\/span>\n\t\t\t\t\t<p class=\"et_pb_testimonial_meta\"><span class=\"et_pb_testimonial_position\">Administrator<\/span><\/p>\n\t\t\t\t<\/div>\n\t\t\t<\/div>\n\t\t\t<\/div><div class=\"et_d4_element et_pb_column_1_3 et_pb_column et_pb_column_8  et_pb_css_mix_blend_mode et-last-child et_block_column\">\n\t\t\t\t\n\t\t\t\t\n\t\t\t\t\n\t\t\t\t\n\t\t\t\t<div class=\"et_pb_module et_d4_element et_pb_testimonial et_pb_testimonial_1  et_pb_css_mix_blend_mode clearfix  et_pb_text_align_left et_pb_bg_layout_light et_block_module et_pb_testimonial_no_image\">\n\t\t\t\t\n\t\t\t\t\n\t\t\t\t\n\t\t\t\t\n\t\t\t\t<div style=\"background-image:inherit\" class=\"et_pb_testimonial_portrait lazyload\" data-bg-image=\"url(https:\/\/tistrup-mediehus.dk\/2021\/wp-content\/uploads\/2021\/02\/henry-ny1.jpg)\"><\/div>\n\t\t\t\t<div class=\"et_pb_testimonial_description\">\n\t\t\t\t\t<div class=\"et_pb_testimonial_description_inner\"><div class=\"et_pb_testimonial_content\"><p>Henry er formand i bestyrelsen og ansvarlig for vedligeholdelse af Tistrupnews.dk samt webansvarlig.<\/p><\/div><\/div>\n\t\t\t\t\t<span class=\"et_pb_testimonial_author\">Henry Koch<\/span>\n\t\t\t\t\t<p class=\"et_pb_testimonial_meta\"><span class=\"et_pb_testimonial_position\">Administrator<\/span><\/p>\n\t\t\t\t<\/div>\n\t\t\t<\/div>\n\t\t\t<\/div>\n\t\t\t\t\n\t\t\t\t\n\t\t\t\t\n\t\t\t\t\n\t\t\t<\/div>\n\t\t\t\t\n\t\t\t\t\n\t\t\t<\/div><div id=\"Kontakt\" class=\"et_d4_element et_pb_section et_pb_section_3  et_pb_css_mix_blend_mode et_section_regular et_block_section\" >\n\t\t\t\t\n\t\t\t\t\n\t\t\t\t\n\t\t\t\t\n\t\t\t\t\n\t\t\t\t\n\t\t\t\t<div class=\"et_d4_element et_pb_row et_pb_row_7  et_pb_css_mix_blend_mode et_block_row\">\n\t\t\t\t<div class=\"et_d4_element et_pb_column_4_4 et_pb_column et_pb_column_9  et_pb_css_mix_blend_mode et-last-child et_block_column\">\n\t\t\t\t\n\t\t\t\t\n\t\t\t\t\n\t\t\t\t\n\t\t\t\t<div class=\"et_pb_module et_d4_element et_pb_text et_pb_text_7  et_pb_text_align_left et_pb_bg_layout_light\">\n\t\t\t\t\n\t\t\t\t\n\t\t\t\t\n\t\t\t\t\n\t\t\t\t<div class=\"et_pb_text_inner\"><pre>Send os gerne en besked<\/pre><\/div>\n\t\t\t<\/div>\n\t\t\t<div id=\"et_pb_contact_form_0\" class=\"et_pb_module et_d4_element et_pb_contact_form_0 et_pb_contact_form_container clearfix et_block_module\" data-form_unique_num=\"0\" data-form_unique_id=\"0a78fc43-ec63-4e13-bf38-538f7d718d42\">\n\t\t\t\t\n\t\t\t\t\n\t\t\t\t\n\t\t\t\t\n\t\t\t\t\n\t\t\t\t<div class=\"et-pb-contact-message\"><\/div>\n\t\t\t\t\n\t\t\t\t<div class=\"et_pb_contact\">\n\t\t\t\t\t<form class=\"et_pb_contact_form clearfix\" method=\"post\" action=\"https:\/\/tistrup-mediehus.dk\/2021\/wp-json\/wp\/v2\/pages\/225335\">\n\t\t\t\t\t\t<p class=\"et_d4_element et_pb_contact_field et_pb_contact_field_0 et_pb_contact_field_half\" data-id=\"navn\" data-type=\"input\">\n\t\t\t\t\n\t\t\t\t\n\t\t\t\t\n\t\t\t\t\n\t\t\t\t<label for=\"et_pb_contact_navn_0\" class=\"et_pb_contact_form_label\">Navn<\/label>\n\t\t\t\t<input type=\"text\" id=\"et_pb_contact_navn_0\" class=\"input\" value=\"\" name=\"et_pb_contact_navn_0\" data-required_mark=\"required\" data-field_type=\"input\" data-original_id=\"navn\" placeholder=\"Navn\">\n\t\t\t<\/p><p class=\"et_d4_element et_pb_contact_field et_pb_contact_field_1 et_pb_contact_field_half et_pb_contact_field_last\" data-id=\"email\" data-type=\"email\">\n\t\t\t\t\n\t\t\t\t\n\t\t\t\t\n\t\t\t\t\n\t\t\t\t<label for=\"et_pb_contact_email_0\" class=\"et_pb_contact_form_label\">E-mailadresse<\/label>\n\t\t\t\t<input type=\"text\" id=\"et_pb_contact_email_0\" class=\"input\" value=\"\" name=\"et_pb_contact_email_0\" data-required_mark=\"required\" data-field_type=\"email\" data-original_id=\"email\" placeholder=\"E-mailadresse\">\n\t\t\t<\/p><p class=\"et_d4_element et_pb_contact_field et_pb_contact_field_2 et_pb_contact_field_last\" data-id=\"message\" data-type=\"text\">\n\t\t\t\t\n\t\t\t\t\n\t\t\t\t\n\t\t\t\t\n\t\t\t\t<label for=\"et_pb_contact_message_0\" class=\"et_pb_contact_form_label\">Besked<\/label>\n\t\t\t\t<textarea name=\"et_pb_contact_message_0\" id=\"et_pb_contact_message_0\" class=\"et_pb_contact_message input\" data-required_mark=\"required\" data-field_type=\"text\" data-original_id=\"message\" placeholder=\"Besked\"><\/textarea>\n\t\t\t<\/p>\n\t\t\t\t\t\t<input type=\"hidden\" value=\"et_contact_proccess\" name=\"et_pb_contactform_submit_0\"\/>\n\t\t\t\t\t\t<div class=\"et_contact_bottom_container\">\n\t\t\t\t\t\t\t\n\t\t\t<div class=\"et_pb_contact_right et_pb_contact_field\">\n\t\t\t\t<p class=\"clearfix\">\n\t\t\t\t\t<span class=\"et_pb_contact_captcha_question\">13 + 15<\/span> = <input type=\"text\" size=\"2\" class=\"input et_pb_contact_captcha\" data-first_digit=\"13\" data-second_digit=\"15\" value=\"\" name=\"et_pb_contact_captcha_0\" data-required_mark=\"required\" autocomplete=\"off\">\n\t\t\t\t<\/p>\n\t\t\t<\/div>\n\t\t\t\t\t\t\t<button type=\"submit\" name=\"et_builder_submit_button\" class=\"et_pb_contact_submit et_pb_button\">Indsend<\/button>\n\t\t\t\t\t\t<\/div>\n\t\t\t\t\t\t<input type=\"hidden\" id=\"_wpnonce-et-pb-contact-form-submitted-0\" name=\"_wpnonce-et-pb-contact-form-submitted-0\" value=\"282c1ff6d7\" \/><input type=\"hidden\" name=\"_wp_http_referer\" value=\"\/2021\/wp-json\/wp\/v2\/pages\/225335\" \/>\n\t\t\t\t\t<\/form>\n\t\t\t\t<\/div>\n\t\t\t<\/div>\n\t\t\t\n\t\t\t<\/div>\n\t\t\t\t\n\t\t\t\t\n\t\t\t\t\n\t\t\t\t\n\t\t\t<\/div>\n\t\t\t\t\n\t\t\t\t\n\t\t\t<\/div><\/p>\n","protected":false},"excerpt":{"rendered":"","protected":false},"author":1,"featured_media":0,"parent":0,"menu_order":0,"comment_status":"closed","ping_status":"closed","template":"","meta":{"_et_pb_use_builder":"on","_et_pb_old_content":"","_et_gb_content_width":"","footnotes":""},"class_list":["post-225335","page","type-page","status-publish","hentry"],"_links":{"self":[{"href":"https:\/\/tistrup-mediehus.dk\/2021\/wp-json\/wp\/v2\/pages\/225335","targetHints":{"allow":["GET"]}}],"collection":[{"href":"https:\/\/tistrup-mediehus.dk\/2021\/wp-json\/wp\/v2\/pages"}],"about":[{"href":"https:\/\/tistrup-mediehus.dk\/2021\/wp-json\/wp\/v2\/types\/page"}],"author":[{"embeddable":true,"href":"https:\/\/tistrup-mediehus.dk\/2021\/wp-json\/wp\/v2\/users\/1"}],"replies":[{"embeddable":true,"href":"https:\/\/tistrup-mediehus.dk\/2021\/wp-json\/wp\/v2\/comments?post=225335"}],"version-history":[{"count":69,"href":"https:\/\/tistrup-mediehus.dk\/2021\/wp-json\/wp\/v2\/pages\/225335\/revisions"}],"predecessor-version":[{"id":987498558,"href":"https:\/\/tistrup-mediehus.dk\/2021\/wp-json\/wp\/v2\/pages\/225335\/revisions\/987498558"}],"wp:attachment":[{"href":"https:\/\/tistrup-mediehus.dk\/2021\/wp-json\/wp\/v2\/media?parent=225335"}],"curies":[{"name":"wp","href":"https:\/\/api.w.org\/{rel}","templated":true}]}}